{"id":8053,"date":"2025-07-05T10:46:52","date_gmt":"2025-07-05T09:46:52","guid":{"rendered":"https:\/\/meraverktyg.se\/katalog\/?post_type=product&#038;p=8053"},"modified":"2026-02-09T17:18:51","modified_gmt":"2026-02-09T16:18:51","slug":"ventilsatesamne-365x255x120-kopia-2","status":"publish","type":"product","link":"https:\/\/meraverktyg.se\/katalog\/product\/ventilsatesamne-365x255x120-kopia-2\/","title":{"rendered":"Ventils\u00e4tes\u00e4mne LPG"},"content":{"rendered":"<p>H\u00f6gkvalitativt material f\u00f6r svarvning av egna ventils\u00e4ten. F\u00f6r anv\u00e4ndning i Bensin-, Diesel- och gasmotorer.<\/p>\n<p>L: 120 mm<\/p>\n","protected":false},"excerpt":{"rendered":"<p>Svarv\u00e4mne f\u00f6r ventils\u00e4ten (LPG) L\u00e4ngd 120 mm<\/p>\n","protected":false},"featured_media":7999,"comment_status":"open","ping_status":"closed","template":"","meta":[],"product_brand":[],"product_cat":[78],"product_tag":[],"class_list":{"0":"post-8053","1":"product","2":"type-product","3":"status-publish","4":"has-post-thumbnail","6":"product_cat-material-for-ventilsaten","8":"first","9":"instock","10":"taxable","11":"shipping-taxable","12":"purchasable","13":"product-type-variable"},"aioseo_notices":[],"_links":{"self":[{"href":"https:\/\/meraverktyg.se\/katalog\/wp-json\/wp\/v2\/product\/8053","targetHints":{"allow":["GET"]}}],"collection":[{"href":"https:\/\/meraverktyg.se\/katalog\/wp-json\/wp\/v2\/product"}],"about":[{"href":"https:\/\/meraverktyg.se\/katalog\/wp-json\/wp\/v2\/types\/product"}],"replies":[{"embeddable":true,"href":"https:\/\/meraverktyg.se\/katalog\/wp-json\/wp\/v2\/comments?post=8053"}],"version-history":[{"count":4,"href":"https:\/\/meraverktyg.se\/katalog\/wp-json\/wp\/v2\/product\/8053\/revisions"}],"predecessor-version":[{"id":8072,"href":"https:\/\/meraverktyg.se\/katalog\/wp-json\/wp\/v2\/product\/8053\/revisions\/8072"}],"wp:featuredmedia":[{"embeddable":true,"href":"https:\/\/meraverktyg.se\/katalog\/wp-json\/wp\/v2\/media\/7999"}],"wp:attachment":[{"href":"https:\/\/meraverktyg.se\/katalog\/wp-json\/wp\/v2\/media?parent=8053"}],"wp:term":[{"taxonomy":"product_brand","embeddable":true,"href":"https:\/\/meraverktyg.se\/katalog\/wp-json\/wp\/v2\/product_brand?post=8053"},{"taxonomy":"product_cat","embeddable":true,"href":"https:\/\/meraverktyg.se\/katalog\/wp-json\/wp\/v2\/product_cat?post=8053"},{"taxonomy":"product_tag","embeddable":true,"href":"https:\/\/meraverktyg.se\/katalog\/wp-json\/wp\/v2\/product_tag?post=8053"}],"curies":[{"name":"wp","href":"https:\/\/api.w.org\/{rel}","templated":true}]}}