{"id":8011,"date":"2025-07-05T09:42:23","date_gmt":"2025-07-05T08:42:23","guid":{"rendered":"https:\/\/meraverktyg.se\/katalog\/?post_type=product&#038;p=8011"},"modified":"2026-02-09T17:18:51","modified_gmt":"2026-02-09T16:18:51","slug":"styrpinne-wm360v3","status":"publish","type":"product","link":"https:\/\/meraverktyg.se\/katalog\/product\/styrpinne-wm360v3\/","title":{"rendered":"Styrpinne till WM360v3"},"content":{"rendered":"\n<p>Tack vare WM360 v3&#8217;s nya spindelnosdesign, har vi haft m\u00f6jlighet att s\u00e4nka v\u00e5ra tillverkningskostnader f\u00f6r styrpinnarna. Detta inneb\u00e4r \u00e4ven ett l\u00e4gre pris ut till kund, men v\u00e4nligen observera att styrpinnarna <strong>EJ<\/strong> \u00e4r bak\u00e5tkompatibla med v2.<\/p>\n\n\n\n<p>Alla v\u00e5ra styrpinnar tillverkas p\u00e5 best\u00e4llning. Hela processen g\u00f6rs in-house f\u00f6r att garantera precision och kvalitet.<\/p>\n\n\n\n<p><\/p>\n","protected":false},"excerpt":{"rendered":"<p>Tack vare WM360 v3&#8217;s nya spindelnosdesign, har vi haft m\u00f6jlighet att s\u00e4nka v\u00e5ra tillverkningskostnader f\u00f6r styrpinnarna. Detta inneb\u00e4r \u00e4ven ett l\u00e4gre pris ut till kund, men v\u00e4nligen observera att styrpinnarna EJ \u00e4r bak\u00e5tkompatibla med v2. Alla v\u00e5ra styrpinnar tillverkas p\u00e5 best\u00e4llning. Hela processen g\u00f6rs in-house f\u00f6r att garantera precision och kvalitet.<\/p>\n","protected":false},"featured_media":8021,"comment_status":"open","ping_status":"closed","template":"","meta":[],"product_brand":[108],"product_cat":[64],"product_tag":[],"class_list":{"0":"post-8011","1":"product","2":"type-product","3":"status-publish","4":"has-post-thumbnail","6":"product_brand-wmtools","7":"product_cat-tillbehor","9":"first","10":"instock","11":"taxable","12":"shipping-taxable","13":"purchasable","14":"product-type-variable"},"aioseo_notices":[],"_links":{"self":[{"href":"https:\/\/meraverktyg.se\/katalog\/wp-json\/wp\/v2\/product\/8011","targetHints":{"allow":["GET"]}}],"collection":[{"href":"https:\/\/meraverktyg.se\/katalog\/wp-json\/wp\/v2\/product"}],"about":[{"href":"https:\/\/meraverktyg.se\/katalog\/wp-json\/wp\/v2\/types\/product"}],"replies":[{"embeddable":true,"href":"https:\/\/meraverktyg.se\/katalog\/wp-json\/wp\/v2\/comments?post=8011"}],"version-history":[{"count":3,"href":"https:\/\/meraverktyg.se\/katalog\/wp-json\/wp\/v2\/product\/8011\/revisions"}],"predecessor-version":[{"id":8020,"href":"https:\/\/meraverktyg.se\/katalog\/wp-json\/wp\/v2\/product\/8011\/revisions\/8020"}],"wp:featuredmedia":[{"embeddable":true,"href":"https:\/\/meraverktyg.se\/katalog\/wp-json\/wp\/v2\/media\/8021"}],"wp:attachment":[{"href":"https:\/\/meraverktyg.se\/katalog\/wp-json\/wp\/v2\/media?parent=8011"}],"wp:term":[{"taxonomy":"product_brand","embeddable":true,"href":"https:\/\/meraverktyg.se\/katalog\/wp-json\/wp\/v2\/product_brand?post=8011"},{"taxonomy":"product_cat","embeddable":true,"href":"https:\/\/meraverktyg.se\/katalog\/wp-json\/wp\/v2\/product_cat?post=8011"},{"taxonomy":"product_tag","embeddable":true,"href":"https:\/\/meraverktyg.se\/katalog\/wp-json\/wp\/v2\/product_tag?post=8011"}],"curies":[{"name":"wp","href":"https:\/\/api.w.org\/{rel}","templated":true}]}}