{"id":7998,"date":"2025-05-15T17:06:35","date_gmt":"2025-05-15T16:06:35","guid":{"rendered":"https:\/\/meraverktyg.se\/katalog\/?post_type=product&#038;p=7998"},"modified":"2026-02-09T17:18:51","modified_gmt":"2026-02-09T16:18:51","slug":"amne-for-svarvning-av-ventilsaten","status":"publish","type":"product","link":"https:\/\/meraverktyg.se\/katalog\/product\/amne-for-svarvning-av-ventilsaten\/","title":{"rendered":"Ventils\u00e4tes\u00e4mne 36,5&#215;25,5&#215;120"},"content":{"rendered":"<p>H\u00f6gkvalitativt material f\u00f6r svarvning av egna ventils\u00e4ten. F\u00f6r anv\u00e4ndning i Bensin-, Diesel- och gasmotorer.<\/p>\n<p>YD: 36,5 mm<\/p>\n<p>ID: 25,5 mm<\/p>\n<p>L: 120 mm<\/p>\n","protected":false},"excerpt":{"rendered":"<p>Svarv\u00e4mne f\u00f6r ventils\u00e4ten (LPG) 36,5 x 25,5 x 120<\/p>\n","protected":false},"featured_media":7999,"comment_status":"open","ping_status":"closed","template":"","meta":[],"product_brand":[],"product_cat":[78],"product_tag":[],"class_list":{"0":"post-7998","1":"product","2":"type-product","3":"status-publish","4":"has-post-thumbnail","6":"product_cat-material-for-ventilsaten","8":"first","9":"instock","10":"taxable","11":"shipping-taxable","12":"purchasable","13":"product-type-simple"},"aioseo_notices":[],"_links":{"self":[{"href":"https:\/\/meraverktyg.se\/katalog\/wp-json\/wp\/v2\/product\/7998","targetHints":{"allow":["GET"]}}],"collection":[{"href":"https:\/\/meraverktyg.se\/katalog\/wp-json\/wp\/v2\/product"}],"about":[{"href":"https:\/\/meraverktyg.se\/katalog\/wp-json\/wp\/v2\/types\/product"}],"replies":[{"embeddable":true,"href":"https:\/\/meraverktyg.se\/katalog\/wp-json\/wp\/v2\/comments?post=7998"}],"version-history":[{"count":5,"href":"https:\/\/meraverktyg.se\/katalog\/wp-json\/wp\/v2\/product\/7998\/revisions"}],"predecessor-version":[{"id":8004,"href":"https:\/\/meraverktyg.se\/katalog\/wp-json\/wp\/v2\/product\/7998\/revisions\/8004"}],"wp:featuredmedia":[{"embeddable":true,"href":"https:\/\/meraverktyg.se\/katalog\/wp-json\/wp\/v2\/media\/7999"}],"wp:attachment":[{"href":"https:\/\/meraverktyg.se\/katalog\/wp-json\/wp\/v2\/media?parent=7998"}],"wp:term":[{"taxonomy":"product_brand","embeddable":true,"href":"https:\/\/meraverktyg.se\/katalog\/wp-json\/wp\/v2\/product_brand?post=7998"},{"taxonomy":"product_cat","embeddable":true,"href":"https:\/\/meraverktyg.se\/katalog\/wp-json\/wp\/v2\/product_cat?post=7998"},{"taxonomy":"product_tag","embeddable":true,"href":"https:\/\/meraverktyg.se\/katalog\/wp-json\/wp\/v2\/product_tag?post=7998"}],"curies":[{"name":"wp","href":"https:\/\/api.w.org\/{rel}","templated":true}]}}