{"id":7905,"date":"2025-03-13T19:34:31","date_gmt":"2025-03-13T18:34:31","guid":{"rendered":"https:\/\/meraverktyg.se\/katalog\/?post_type=product&#038;p=7905"},"modified":"2025-03-13T20:02:05","modified_gmt":"2025-03-13T19:02:05","slug":"30-1-vinkel-ventilsatesskar","status":"publish","type":"product","link":"https:\/\/meraverktyg.se\/katalog\/product\/30-1-vinkel-ventilsatesskar\/","title":{"rendered":"30\u00b0 1-vinkel Ventils\u00e4tessk\u00e4r"},"content":{"rendered":"<p>1-vinkelsk\u00e4r f\u00f6r fr\u00e4sning av ventils\u00e4ten. Passar bl. a v\u00e5r egen WM360 v2 och fram\u00e5t.<\/p>\n\n\n<p>Vinkel: 30\u00b0<br>Sk\u00e4rbredd: 9mm<\/p>\n\n\n\n<p><\/p>\n","protected":false},"excerpt":{"rendered":"<p>3-vinkelsk\u00e4r f\u00f6r fr\u00e4sning av ventils\u00e4ten av premiumkvalitet. Passar bl. a v\u00e5r egen WM360 v2 och fram\u00e5t.<\/p>\n","protected":false},"featured_media":7939,"comment_status":"open","ping_status":"closed","template":"","meta":[],"product_brand":[107],"product_cat":[64],"product_tag":[],"class_list":{"0":"post-7905","1":"product","2":"type-product","3":"status-publish","4":"has-post-thumbnail","6":"product_brand-mera","7":"product_cat-tillbehor","8":"pa_satesvinkel-s-68","9":"pa_satesvinkel-s-70","10":"pa_satesvinkel-s-66","11":"pa_satesvinkel-s-71","12":"pa_satesvinkel-s-67","13":"pa_satesvinkel-s-72","14":"pa_satesvinkel-s-69","15":"pa_satesvinkel-s-65","17":"first","18":"instock","19":"taxable","20":"shipping-taxable","21":"purchasable","22":"product-type-simple"},"aioseo_notices":[],"_links":{"self":[{"href":"https:\/\/meraverktyg.se\/katalog\/wp-json\/wp\/v2\/product\/7905","targetHints":{"allow":["GET"]}}],"collection":[{"href":"https:\/\/meraverktyg.se\/katalog\/wp-json\/wp\/v2\/product"}],"about":[{"href":"https:\/\/meraverktyg.se\/katalog\/wp-json\/wp\/v2\/types\/product"}],"replies":[{"embeddable":true,"href":"https:\/\/meraverktyg.se\/katalog\/wp-json\/wp\/v2\/comments?post=7905"}],"version-history":[{"count":1,"href":"https:\/\/meraverktyg.se\/katalog\/wp-json\/wp\/v2\/product\/7905\/revisions"}],"predecessor-version":[{"id":7910,"href":"https:\/\/meraverktyg.se\/katalog\/wp-json\/wp\/v2\/product\/7905\/revisions\/7910"}],"wp:featuredmedia":[{"embeddable":true,"href":"https:\/\/meraverktyg.se\/katalog\/wp-json\/wp\/v2\/media\/7939"}],"wp:attachment":[{"href":"https:\/\/meraverktyg.se\/katalog\/wp-json\/wp\/v2\/media?parent=7905"}],"wp:term":[{"taxonomy":"product_brand","embeddable":true,"href":"https:\/\/meraverktyg.se\/katalog\/wp-json\/wp\/v2\/product_brand?post=7905"},{"taxonomy":"product_cat","embeddable":true,"href":"https:\/\/meraverktyg.se\/katalog\/wp-json\/wp\/v2\/product_cat?post=7905"},{"taxonomy":"product_tag","embeddable":true,"href":"https:\/\/meraverktyg.se\/katalog\/wp-json\/wp\/v2\/product_tag?post=7905"}],"curies":[{"name":"wp","href":"https:\/\/api.w.org\/{rel}","templated":true}]}}