{"id":7873,"date":"2025-03-14T09:03:46","date_gmt":"2025-03-14T08:03:46","guid":{"rendered":"https:\/\/meraverktyg.se\/katalog\/?post_type=product&#038;p=7873"},"modified":"2026-04-15T18:41:03","modified_gmt":"2026-04-15T17:41:03","slug":"ventilsatesfras-wm360-v3-startkit","status":"publish","type":"product","link":"https:\/\/meraverktyg.se\/katalog\/product\/ventilsatesfras-wm360-v3-startkit\/","title":{"rendered":"Ventils\u00e4tesfr\u00e4s WM360 V3 startkit"},"content":{"rendered":"\t\t<div data-elementor-type=\"wp-post\" data-elementor-id=\"7873\" class=\"elementor elementor-7873\">\n\t\t\t\t<div class=\"elementor-element elementor-element-48cf12c e-flex e-con-boxed e-con e-parent\" data-id=\"48cf12c\" data-element_type=\"container\" data-e-type=\"container\">\n\t\t\t\t\t<div class=\"e-con-inner\">\n\t\t\t\t<div class=\"elementor-element elementor-element-765f9a5 elementor-widget elementor-widget-text-editor\" data-id=\"765f9a5\" data-element_type=\"widget\" data-e-type=\"widget\" data-widget_type=\"text-editor.default\">\n\t\t\t\t<div class=\"elementor-widget-container\">\n\t\t\t\t\t\t\t\t\t<h2 class=\"wp-block-heading\">Om WM360<\/h2>\n<p><!-- \/wp:heading --><!-- wp:paragraph --><\/p>\n<p>WM360 \u00e4r v\u00e5rt egenutvecklade verktyg f\u00f6r ventils\u00e4tesfr\u00e4sning. Konceptet tog vi fram redan p\u00e5 1980-talet och har sedan dess vidareutvecklat det i omg\u00e5ngar, vilket idag lett till en mycket v\u00e4l bepr\u00f6vad och finslipad produkt. Den har visat sig vara mycket konkurrenskraftig, inte minst bland ett specifikt segment av kunder. N\u00e4mligen de som kommer ifr\u00e5n att ha arbetat med andra liknande verktyg tidigare. Man skulle kunna s\u00e4ga att WM360 sl\u00e5r sig fram i en ganska sn\u00e4v marknad genom att attackera konkurrensens svaga sidor, s\u00e5 som kostnad, precision, m\u00e5ngsidighet. P\u00e5 dessa omr\u00e5den vill vi till och med h\u00e4vda att ingen konkurrens l\u00e4ngre r\u00e5der, i och med lanseringen av WM360 v3.<\/p>\t\t\t\t\t\t\t\t<\/div>\n\t\t\t\t<\/div>\n\t\t<div class=\"elementor-element elementor-element-986b7dc e-grid e-con-full e-con e-child\" data-id=\"986b7dc\" data-element_type=\"container\" data-e-type=\"container\">\n\t\t\t\t<div class=\"elementor-element elementor-element-cea696f elementor-position-top elementor-widget elementor-widget-image-box\" data-id=\"cea696f\" data-element_type=\"widget\" data-e-type=\"widget\" data-widget_type=\"image-box.default\">\n\t\t\t\t<div class=\"elementor-widget-container\">\n\t\t\t\t\t<div class=\"elementor-image-box-wrapper\"><figure class=\"elementor-image-box-img\"><img fetchpriority=\"high\" decoding=\"async\" width=\"300\" height=\"200\" src=\"https:\/\/meraverktyg.se\/katalog\/wp-content\/uploads\/2023\/11\/diameter-wm260.png\" class=\"attachment-full size-full wp-image-7304\" alt=\"Diameter spann ventils\u00e4tesfr\u00e4s WM360\" srcset=\"https:\/\/meraverktyg.se\/katalog\/wp-content\/uploads\/2023\/11\/diameter-wm260.png 300w, https:\/\/meraverktyg.se\/katalog\/wp-content\/uploads\/2023\/11\/diameter-wm260-150x100.png 150w\" sizes=\"(max-width: 300px) 100vw, 300px\" \/><\/figure><div class=\"elementor-image-box-content\"><h3 class=\"elementor-image-box-title\">S\u00e4tesdiameter<\/h3><p class=\"elementor-image-box-description\">WM360 v3 \u00e4r i sitt grundutf\u00f6rande kapabel att fr\u00e4sa s\u00e4ten med diameter upp till 120mm, beroende p\u00e5 sk\u00e4rh\u00e5llare. <\/p><\/div><\/div>\t\t\t\t<\/div>\n\t\t\t\t<\/div>\n\t\t\t\t<div class=\"elementor-element elementor-element-652fc66 elementor-position-top elementor-widget elementor-widget-image-box\" data-id=\"652fc66\" data-element_type=\"widget\" data-e-type=\"widget\" data-widget_type=\"image-box.default\">\n\t\t\t\t<div class=\"elementor-widget-container\">\n\t\t\t\t\t<div class=\"elementor-image-box-wrapper\"><figure class=\"elementor-image-box-img\"><img decoding=\"async\" width=\"300\" height=\"200\" src=\"https:\/\/meraverktyg.se\/katalog\/wp-content\/uploads\/2023\/11\/angle.png\" class=\"attachment-full size-full wp-image-7305\" alt=\"\" srcset=\"https:\/\/meraverktyg.se\/katalog\/wp-content\/uploads\/2023\/11\/angle.png 300w, https:\/\/meraverktyg.se\/katalog\/wp-content\/uploads\/2023\/11\/angle-150x100.png 150w\" sizes=\"(max-width: 300px) 100vw, 300px\" \/><\/figure><div class=\"elementor-image-box-content\"><h3 class=\"elementor-image-box-title\">S\u00e4tesvinkel<\/h3><p class=\"elementor-image-box-description\">WM360 v3 kan i sitt grundutf\u00f6rande anv\u00e4ndas till topplock med vinklade ventiler, upp till 28\u00b0, med std sp\u00e4nnblock.<\/p><\/div><\/div>\t\t\t\t<\/div>\n\t\t\t\t<\/div>\n\t\t\t\t<div class=\"elementor-element elementor-element-51a3717 elementor-position-top elementor-widget elementor-widget-image-box\" data-id=\"51a3717\" data-element_type=\"widget\" data-e-type=\"widget\" data-widget_type=\"image-box.default\">\n\t\t\t\t<div class=\"elementor-widget-container\">\n\t\t\t\t\t<div class=\"elementor-image-box-wrapper\"><figure class=\"elementor-image-box-img\"><img decoding=\"async\" width=\"300\" height=\"200\" src=\"https:\/\/meraverktyg.se\/katalog\/wp-content\/uploads\/2023\/11\/valve-guide.png\" class=\"attachment-full size-full wp-image-7306\" alt=\"\" srcset=\"https:\/\/meraverktyg.se\/katalog\/wp-content\/uploads\/2023\/11\/valve-guide.png 300w, https:\/\/meraverktyg.se\/katalog\/wp-content\/uploads\/2023\/11\/valve-guide-150x100.png 150w\" sizes=\"(max-width: 300px) 100vw, 300px\" \/><\/figure><div class=\"elementor-image-box-content\"><h3 class=\"elementor-image-box-title\">Ventilskaftsdiameter<\/h3><p class=\"elementor-image-box-description\">WM360's sj\u00e4lvlagrande konstruktion m\u00f6jligg\u00f6r fr\u00e4sning av ventils\u00e4ten, \u00e4ven i applikationer med ringa skaftdiameter.<\/p><\/div><\/div>\t\t\t\t<\/div>\n\t\t\t\t<\/div>\n\t\t\t\t<\/div>\n\t\t\t\t\t<\/div>\n\t\t\t\t<\/div>\n\t\t<div class=\"elementor-element elementor-element-264cb901 e-flex e-con-boxed e-con e-parent\" data-id=\"264cb901\" data-element_type=\"container\" data-e-type=\"container\" data-settings=\"{&quot;background_background&quot;:&quot;classic&quot;,&quot;shape_divider_top&quot;:&quot;triangle-asymmetrical&quot;}\">\n\t\t\t\t\t<div class=\"e-con-inner\">\n\t\t\t\t<div class=\"elementor-shape elementor-shape-top\" aria-hidden=\"true\" data-negative=\"false\">\n\t\t\t<svg xmlns=\"http:\/\/www.w3.org\/2000\/svg\" viewBox=\"0 0 1000 100\" preserveAspectRatio=\"none\">\n\t<path class=\"elementor-shape-fill\" d=\"M738,99l262-93V0H0v5.6L738,99z\"\/>\n<\/svg>\t\t<\/div>\n\t\t\t\t<div class=\"elementor-element elementor-element-a3114af elementor-widget elementor-widget-heading\" data-id=\"a3114af\" data-element_type=\"widget\" data-e-type=\"widget\" data-widget_type=\"heading.default\">\n\t\t\t\t<div class=\"elementor-widget-container\">\n\t\t\t\t\t<h2 class=\"elementor-heading-title elementor-size-default\">Version 3<\/h2>\t\t\t\t<\/div>\n\t\t\t\t<\/div>\n\t\t\t\t<div class=\"elementor-element elementor-element-344b911d elementor-widget elementor-widget-text-editor\" data-id=\"344b911d\" data-element_type=\"widget\" data-e-type=\"widget\" data-widget_type=\"text-editor.default\">\n\t\t\t\t<div class=\"elementor-widget-container\">\n\t\t\t\t\t\t\t\t\t<h3 class=\"wp-block-heading\">Varf\u00f6r en tredje version?<\/h3>\n<p><!-- \/wp:heading --><!-- wp:paragraph --><\/p>\n<p>Ventils\u00e4tesfr\u00e4sen WM360 har l\u00e4nge varit det \u00f6verl\u00e4gsna valet i sitt segment, n\u00e4r det kommer till precision och m\u00e5ngsidighet. Trots detta har utvecklingen aldrig stannat av. Tv\u00e4rtom har varje ny version ocks\u00e5 inneburit innovation och omtag.<br \/>De f\u00f6r\u00e4ndringar som g\u00f6rs kan f\u00f6ranledas av exempelvis input fr\u00e5n anv\u00e4ndare, egna erfarenheter eller helt enkelt nya id\u00e9er. Inte s\u00e4llan f\u00f6rb\u00e4ttrar vi komponenter som redan tidigare fungerat felfritt. Det kan ses som lite &#8221;overkill&#8221;, men grundar sig i v\u00e5r filosofi att alltid g\u00f6ra saker s\u00e5 bra som m\u00f6jligt.<\/p>\n<p><!-- \/wp:paragraph --><!-- wp:columns --><\/p>\n<div class=\"wp-block-columns\">\n<p><!-- wp:column {\"width\":\"66.66%\"} --><\/p>\n<div class=\"wp-block-column\" style=\"flex-basis: 66.66%;\">\n<p><!-- wp:heading {\"level\":3} --><\/p>\n<h3 class=\"wp-block-heading\">Vad \u00e4r nytt?<\/h3>\n<p><!-- \/wp:heading --><!-- wp:paragraph --><\/p>\n<p>\u00c4ven om version 3, i f\u00f6rsta anblick kan se ganska lik ut sin f\u00f6reg\u00e5ngare, d\u00f6ljer sig omfattande f\u00f6r\u00e4ndringar under ytan. H\u00e4r nedan g\u00e5r vi igenom n\u00e5gra av dem i detalj.<\/p>\n<p><!-- \/wp:paragraph --><!-- wp:heading {\"level\":4} --><\/p>\n<h4 class=\"wp-block-heading\">Ny spindelnos<\/h4>\n<p><!-- \/wp:heading --><!-- wp:paragraph {\"placeholder\":\"Inneh\u00e5ll \u2026\"} --><\/p>\n<p>En av de mer innovativa f\u00f6r\u00e4ndringarna, \u00e4r absolut v\u00e5r helt nya spindelnos med sj\u00e4lvjusterande kona. Den fj\u00e4derbelastade hylsan ger f\u00f6r f\u00f6rsta g\u00e5ngen en absolut 100-procentig passning mellan kona och plan. Inte 99 eller 99,9%. <strong>100 PROCENT<\/strong>.<br \/>Denna precision \u00f6verf\u00f6rs direkt till den i uppriktningen med hj\u00e4lp av styrpinne.<\/p>\n<p><!-- \/wp:paragraph --><\/p>\n<\/div>\n<p><!-- \/wp:column --><!-- wp:column {\"width\":\"33.33%\"} --><\/p>\n<div class=\"wp-block-column\" style=\"flex-basis: 33.33%;\">\n<p><!-- wp:image {\"id\":7839,\"sizeSlug\":\"medium\",\"linkDestination\":\"none\"} --><\/p>\n<figure class=\"wp-block-image size-medium\"><img loading=\"lazy\" decoding=\"async\" width=\"115\" height=\"300\" class=\"wp-image-7839\" src=\"https:\/\/meraverktyg.se\/katalog\/wp-content\/uploads\/2025\/02\/spindle_nose_design1-115x300.png\" alt=\"\" srcset=\"https:\/\/meraverktyg.se\/katalog\/wp-content\/uploads\/2025\/02\/spindle_nose_design1-115x300.png 115w, https:\/\/meraverktyg.se\/katalog\/wp-content\/uploads\/2025\/02\/spindle_nose_design1-150x391.png 150w, https:\/\/meraverktyg.se\/katalog\/wp-content\/uploads\/2025\/02\/spindle_nose_design1.png 233w\" sizes=\"(max-width: 115px) 100vw, 115px\" \/><\/figure>\n<p><!-- \/wp:image --><\/p>\n<\/div>\n<p><!-- \/wp:column --><\/p>\n<\/div>\n<p><!-- \/wp:columns --><!-- wp:heading {\"level\":4} --><\/p>\n<h4 class=\"wp-block-heading\">Ny utformning av sk\u00e4rhuvud och sk\u00e4rh\u00e5llare<\/h4>\n<p><!-- \/wp:heading --><!-- wp:paragraph --><\/p>\n<p>\u00c4ven anv\u00e4ndarv\u00e4nligheten har f\u00e5tt sig ett uppsving i form av en ny sk\u00e4rh\u00e5llare och ett d\u00e4rf\u00f6r anpassat sk\u00e4rhuvud. H\u00e5llaren har f\u00e5tt nya dimensioner f\u00f6r att ytterligare f\u00f6rfina v\u00e5r egna avvibreringsteknik samt att s\u00e4kerst\u00e4lla god sk\u00e4rstabilitet. Dessutom \u00e5terfinnes nu en skala p\u00e5 densamma, f\u00f6r l\u00e4ttare inst\u00e4llning av sk\u00e4rdiameter.<\/p>\n<p><!-- \/wp:paragraph --><!-- wp:heading {\"level\":4} --><\/p>\n<h4 class=\"wp-block-heading\">Diverse designjusteringar<\/h4>\n<p><!-- \/wp:heading --><!-- wp:paragraph --><\/p>\n<p>Vidare har en del mindre f\u00f6r\u00e4ndringar av designen gjorts, f\u00f6r att ytterligare f\u00f6rb\u00e4ttra prestanda och flexibilitet. I v\u00e5rt egna tycke, och f\u00f6rhoppningsvis \u00e4ven ert, \u00e4r den nya designen \u00e4ven visuellt sn\u00e4ppet mer tilltalande.<\/p>\n<p><!-- \/wp:paragraph --><!-- wp:heading {\"level\":4} --><\/p>\n<h4 class=\"wp-block-heading\">Inf\u00f6rande av serienummer<\/h4>\n<p><!-- \/wp:heading --><!-- wp:columns --><\/p>\n<div class=\"wp-block-columns\">\n<p><!-- wp:column {\"width\":\"66.66%\"} --><\/p>\n<div class=\"wp-block-column\" style=\"flex-basis: 66.66%;\">\n<p><!-- wp:paragraph --><\/p>\n<p>Sist men inte minst, vill vi n\u00e4mna inf\u00f6randet av serienummer. Detta i sig kan l\u00e5ta som en obetydlig parentes, men s\u00e5 \u00e4r absolut inte fallet. Det \u00e4r snarare som s\u00e5 att numret kan komma att bli den enskilt st\u00f6rsta f\u00f6r\u00e4ndringen p\u00e5 sikt, av den enkla anledningen att vi nu har m\u00f6jlighet att g\u00f6ra l\u00f6pande f\u00f6rb\u00e4ttringar \u00e4ven mitt i serien.<\/p>\n<p><!-- \/wp:paragraph --><\/p>\n<\/div>\n<p><!-- \/wp:column --><!-- wp:column {\"width\":\"33.33%\",\"style\":{\"border\":{\"width\":\"0px\",\"style\":\"none\"}},\"layout\":{\"type\":\"default\"}} --><\/p>\n<div class=\"wp-block-column\" style=\"border-style: none; border-width: 0px; flex-basis: 33.33%;\">\n<p><!-- wp:image {\"id\":7837,\"sizeSlug\":\"large\",\"linkDestination\":\"none\"} --><\/p>\n<figure class=\"wp-block-image size-large\"><img loading=\"lazy\" decoding=\"async\" width=\"1024\" height=\"602\" class=\"wp-image-7837\" src=\"https:\/\/meraverktyg.se\/katalog\/wp-content\/uploads\/2025\/02\/wm360_serial_number2-1024x602.png\" alt=\"\" srcset=\"https:\/\/meraverktyg.se\/katalog\/wp-content\/uploads\/2025\/02\/wm360_serial_number2-1024x602.png 1024w, https:\/\/meraverktyg.se\/katalog\/wp-content\/uploads\/2025\/02\/wm360_serial_number2-300x176.png 300w, https:\/\/meraverktyg.se\/katalog\/wp-content\/uploads\/2025\/02\/wm360_serial_number2-768x451.png 768w, https:\/\/meraverktyg.se\/katalog\/wp-content\/uploads\/2025\/02\/wm360_serial_number2-990x582.png 990w, https:\/\/meraverktyg.se\/katalog\/wp-content\/uploads\/2025\/02\/wm360_serial_number2-441x259.png 441w, https:\/\/meraverktyg.se\/katalog\/wp-content\/uploads\/2025\/02\/wm360_serial_number2-800x470.png 800w, https:\/\/meraverktyg.se\/katalog\/wp-content\/uploads\/2025\/02\/wm360_serial_number2-150x88.png 150w, https:\/\/meraverktyg.se\/katalog\/wp-content\/uploads\/2025\/02\/wm360_serial_number2.png 1053w\" sizes=\"(max-width: 1024px) 100vw, 1024px\" \/><\/figure>\n<p><!-- \/wp:image --><\/p>\n<\/div>\n<p><!-- \/wp:column --><\/p>\n<\/div>\n<p><!-- \/wp:columns --><\/p>\t\t\t\t\t\t\t\t<\/div>\n\t\t\t\t<\/div>\n\t\t\t\t\t<\/div>\n\t\t\t\t<\/div>\n\t\t<div class=\"elementor-element elementor-element-7ecdea7 e-flex e-con-boxed e-con e-parent\" data-id=\"7ecdea7\" data-element_type=\"container\" data-e-type=\"container\" data-settings=\"{&quot;background_background&quot;:&quot;classic&quot;,&quot;shape_divider_top&quot;:&quot;arrow&quot;}\">\n\t\t\t\t\t<div class=\"e-con-inner\">\n\t\t\t\t<div class=\"elementor-shape elementor-shape-top\" aria-hidden=\"true\" data-negative=\"false\">\n\t\t\t<svg xmlns=\"http:\/\/www.w3.org\/2000\/svg\" viewBox=\"0 0 700 10\" preserveAspectRatio=\"none\">\n\t<path class=\"elementor-shape-fill\" d=\"M350,10L340,0h20L350,10z\"\/>\n<\/svg>\t\t<\/div>\n\t\t<div class=\"elementor-element elementor-element-37d053c e-con-full e-flex e-con e-child\" data-id=\"37d053c\" data-element_type=\"container\" data-e-type=\"container\">\n\t\t\t\t<div class=\"elementor-element elementor-element-eb2a9b0 elementor-widget elementor-widget-heading\" data-id=\"eb2a9b0\" data-element_type=\"widget\" data-e-type=\"widget\" data-widget_type=\"heading.default\">\n\t\t\t\t<div class=\"elementor-widget-container\">\n\t\t\t\t\t<h2 class=\"elementor-heading-title elementor-size-default\">Hj\u00e4lp och info finns att f\u00e5! <\/h2>\t\t\t\t<\/div>\n\t\t\t\t<\/div>\n\t\t\t\t<div class=\"elementor-element elementor-element-5743c84 elementor-widget elementor-widget-text-editor\" data-id=\"5743c84\" data-element_type=\"widget\" data-e-type=\"widget\" data-widget_type=\"text-editor.default\">\n\t\t\t\t<div class=\"elementor-widget-container\">\n\t\t\t\t\t\t\t\t\t<p>Som \u00e4gare av en WM360, beh\u00f6ver du aldrig vara orolig f\u00f6r att k\u00f6ra fast pga bristf\u00e4llig info. Se mer under flikarna nedan.<\/p>\t\t\t\t\t\t\t\t<\/div>\n\t\t\t\t<\/div>\n\t\t\t\t<div class=\"elementor-element elementor-element-ac959f1 elementor-widget elementor-widget-n-accordion\" data-id=\"ac959f1\" data-element_type=\"widget\" data-e-type=\"widget\" data-settings=\"{&quot;default_state&quot;:&quot;all_collapsed&quot;,&quot;max_items_expended&quot;:&quot;one&quot;,&quot;n_accordion_animation_duration&quot;:{&quot;unit&quot;:&quot;ms&quot;,&quot;size&quot;:400,&quot;sizes&quot;:[]}}\" data-widget_type=\"nested-accordion.default\">\n\t\t\t\t<div class=\"elementor-widget-container\">\n\t\t\t\t\t\t\t<div class=\"e-n-accordion\" aria-label=\"Accordion. Open links with Enter or Space, close with Escape, and navigate with Arrow Keys\">\n\t\t\t\t\t\t<details id=\"e-n-accordion-item-1800\" class=\"e-n-accordion-item\" >\n\t\t\t\t<summary class=\"e-n-accordion-item-title\" data-accordion-index=\"1\" tabindex=\"0\" aria-expanded=\"false\" aria-controls=\"e-n-accordion-item-1800\" >\n\t\t\t\t\t<span class='e-n-accordion-item-title-header'><div class=\"e-n-accordion-item-title-text\"> PDF Anv\u00e4ndarmanual <\/div><\/span>\n\t\t\t\t\t\t\t<span class='e-n-accordion-item-title-icon'>\n\t\t\t<span class='e-opened' ><svg aria-hidden=\"true\" class=\"e-font-icon-svg e-fas-minus\" viewBox=\"0 0 448 512\" xmlns=\"http:\/\/www.w3.org\/2000\/svg\"><path d=\"M416 208H32c-17.67 0-32 14.33-32 32v32c0 17.67 14.33 32 32 32h384c17.67 0 32-14.33 32-32v-32c0-17.67-14.33-32-32-32z\"><\/path><\/svg><\/span>\n\t\t\t<span class='e-closed'><svg aria-hidden=\"true\" class=\"e-font-icon-svg e-fas-plus\" viewBox=\"0 0 448 512\" xmlns=\"http:\/\/www.w3.org\/2000\/svg\"><path d=\"M416 208H272V64c0-17.67-14.33-32-32-32h-32c-17.67 0-32 14.33-32 32v144H32c-17.67 0-32 14.33-32 32v32c0 17.67 14.33 32 32 32h144v144c0 17.67 14.33 32 32 32h32c17.67 0 32-14.33 32-32V304h144c17.67 0 32-14.33 32-32v-32c0-17.67-14.33-32-32-32z\"><\/path><\/svg><\/span>\n\t\t<\/span>\n\n\t\t\t\t\t\t<\/summary>\n\t\t\t\t<div role=\"region\" aria-labelledby=\"e-n-accordion-item-1800\" class=\"elementor-element elementor-element-a793e7b e-con-full e-flex e-con e-child\" data-id=\"a793e7b\" data-element_type=\"container\" data-e-type=\"container\">\n\t\t<div role=\"region\" aria-labelledby=\"e-n-accordion-item-1800\" class=\"elementor-element elementor-element-9957b47 e-flex e-con-boxed e-con e-child\" data-id=\"9957b47\" data-element_type=\"container\" data-e-type=\"container\">\n\t\t\t\t\t<div class=\"e-con-inner\">\n\t\t\t\t<div class=\"elementor-element elementor-element-1c7d84c elementor-widget elementor-widget-text-editor\" data-id=\"1c7d84c\" data-element_type=\"widget\" data-e-type=\"widget\" data-widget_type=\"text-editor.default\">\n\t\t\t\t<div class=\"elementor-widget-container\">\n\t\t\t\t\t\t\t\t\t<p>Efter lagd order, beviljas automatiskt tillg\u00e5ng f\u00f6r nedladdning av anv\u00e4ndarmanualen i PDF-format.<\/p>\t\t\t\t\t\t\t\t<\/div>\n\t\t\t\t<\/div>\n\t\t\t\t<div class=\"elementor-element elementor-element-7fd1425 elementor-widget elementor-widget-image\" data-id=\"7fd1425\" data-element_type=\"widget\" data-e-type=\"widget\" data-widget_type=\"image.default\">\n\t\t\t\t<div class=\"elementor-widget-container\">\n\t\t\t\t\t\t\t\t\t\t\t\t\t\t\t<img loading=\"lazy\" decoding=\"async\" width=\"600\" height=\"423\" src=\"https:\/\/meraverktyg.se\/katalog\/wp-content\/uploads\/2025\/02\/manual.png\" class=\"attachment-large size-large wp-image-7845\" alt=\"\" srcset=\"https:\/\/meraverktyg.se\/katalog\/wp-content\/uploads\/2025\/02\/manual.png 600w, https:\/\/meraverktyg.se\/katalog\/wp-content\/uploads\/2025\/02\/manual-300x212.png 300w, https:\/\/meraverktyg.se\/katalog\/wp-content\/uploads\/2025\/02\/manual-441x311.png 441w, https:\/\/meraverktyg.se\/katalog\/wp-content\/uploads\/2025\/02\/manual-150x106.png 150w\" sizes=\"(max-width: 600px) 100vw, 600px\" \/>\t\t\t\t\t\t\t\t\t\t\t\t\t\t\t<\/div>\n\t\t\t\t<\/div>\n\t\t\t\t\t<\/div>\n\t\t\t\t<\/div>\n\t\t\t\t<\/div>\n\t\t\t\t\t<\/details>\n\t\t\t\t\t\t<details id=\"e-n-accordion-item-1801\" class=\"e-n-accordion-item\" >\n\t\t\t\t<summary class=\"e-n-accordion-item-title\" data-accordion-index=\"2\" tabindex=\"-1\" aria-expanded=\"false\" aria-controls=\"e-n-accordion-item-1801\" >\n\t\t\t\t\t<span class='e-n-accordion-item-title-header'><div class=\"e-n-accordion-item-title-text\"> Youtubekanal <\/div><\/span>\n\t\t\t\t\t\t\t<span class='e-n-accordion-item-title-icon'>\n\t\t\t<span class='e-opened' ><svg aria-hidden=\"true\" class=\"e-font-icon-svg e-fas-minus\" viewBox=\"0 0 448 512\" xmlns=\"http:\/\/www.w3.org\/2000\/svg\"><path d=\"M416 208H32c-17.67 0-32 14.33-32 32v32c0 17.67 14.33 32 32 32h384c17.67 0 32-14.33 32-32v-32c0-17.67-14.33-32-32-32z\"><\/path><\/svg><\/span>\n\t\t\t<span class='e-closed'><svg aria-hidden=\"true\" class=\"e-font-icon-svg e-fas-plus\" viewBox=\"0 0 448 512\" xmlns=\"http:\/\/www.w3.org\/2000\/svg\"><path d=\"M416 208H272V64c0-17.67-14.33-32-32-32h-32c-17.67 0-32 14.33-32 32v144H32c-17.67 0-32 14.33-32 32v32c0 17.67 14.33 32 32 32h144v144c0 17.67 14.33 32 32 32h32c17.67 0 32-14.33 32-32V304h144c17.67 0 32-14.33 32-32v-32c0-17.67-14.33-32-32-32z\"><\/path><\/svg><\/span>\n\t\t<\/span>\n\n\t\t\t\t\t\t<\/summary>\n\t\t\t\t<div role=\"region\" aria-labelledby=\"e-n-accordion-item-1801\" class=\"elementor-element elementor-element-a2a14d5 e-con-full e-flex e-con e-child\" data-id=\"a2a14d5\" data-element_type=\"container\" data-e-type=\"container\">\n\t\t<div role=\"region\" aria-labelledby=\"e-n-accordion-item-1801\" class=\"elementor-element elementor-element-effcabb e-flex e-con-boxed e-con e-child\" data-id=\"effcabb\" data-element_type=\"container\" data-e-type=\"container\">\n\t\t\t\t\t<div class=\"e-con-inner\">\n\t\t\t\t<div class=\"elementor-element elementor-element-823892b elementor-widget elementor-widget-text-editor\" data-id=\"823892b\" data-element_type=\"widget\" data-e-type=\"widget\" data-widget_type=\"text-editor.default\">\n\t\t\t\t<div class=\"elementor-widget-container\">\n\t\t\t\t\t\t\t\t\t<p>Vi \u00e4r givetvis medvetna om att m\u00e5nga f\u00f6redrar video \u00f6ver text och bilder.<\/p>\n<p>Vi har d\u00e4rf\u00f6r \u00e4ven videos p\u00e5 v\u00e5r youtubekanal, d\u00e4r WM360 kan ses under anv\u00e4ndning.<\/p>\n<p>Vidare arbetar vi l\u00f6pande p\u00e5 mer material i form av korta videor med diverse tips &amp; trix.<\/p>\t\t\t\t\t\t\t\t<\/div>\n\t\t\t\t<\/div>\n\t\t\t\t\t<\/div>\n\t\t\t\t<\/div>\n\t\t\t\t<\/div>\n\t\t\t\t\t<\/details>\n\t\t\t\t\t\t<details id=\"e-n-accordion-item-1802\" class=\"e-n-accordion-item\" >\n\t\t\t\t<summary class=\"e-n-accordion-item-title\" data-accordion-index=\"3\" tabindex=\"-1\" aria-expanded=\"false\" aria-controls=\"e-n-accordion-item-1802\" >\n\t\t\t\t\t<span class='e-n-accordion-item-title-header'><div class=\"e-n-accordion-item-title-text\"> Fr\u00e5ga oss <\/div><\/span>\n\t\t\t\t\t\t\t<span class='e-n-accordion-item-title-icon'>\n\t\t\t<span class='e-opened' ><svg aria-hidden=\"true\" class=\"e-font-icon-svg e-fas-minus\" viewBox=\"0 0 448 512\" xmlns=\"http:\/\/www.w3.org\/2000\/svg\"><path d=\"M416 208H32c-17.67 0-32 14.33-32 32v32c0 17.67 14.33 32 32 32h384c17.67 0 32-14.33 32-32v-32c0-17.67-14.33-32-32-32z\"><\/path><\/svg><\/span>\n\t\t\t<span class='e-closed'><svg aria-hidden=\"true\" class=\"e-font-icon-svg e-fas-plus\" viewBox=\"0 0 448 512\" xmlns=\"http:\/\/www.w3.org\/2000\/svg\"><path d=\"M416 208H272V64c0-17.67-14.33-32-32-32h-32c-17.67 0-32 14.33-32 32v144H32c-17.67 0-32 14.33-32 32v32c0 17.67 14.33 32 32 32h144v144c0 17.67 14.33 32 32 32h32c17.67 0 32-14.33 32-32V304h144c17.67 0 32-14.33 32-32v-32c0-17.67-14.33-32-32-32z\"><\/path><\/svg><\/span>\n\t\t<\/span>\n\n\t\t\t\t\t\t<\/summary>\n\t\t\t\t<div role=\"region\" aria-labelledby=\"e-n-accordion-item-1802\" class=\"elementor-element elementor-element-73bc18e e-con-full e-flex e-con e-child\" data-id=\"73bc18e\" data-element_type=\"container\" data-e-type=\"container\">\n\t\t<div role=\"region\" aria-labelledby=\"e-n-accordion-item-1802\" class=\"elementor-element elementor-element-2a221e5 e-flex e-con-boxed e-con e-child\" data-id=\"2a221e5\" data-element_type=\"container\" data-e-type=\"container\">\n\t\t\t\t\t<div class=\"e-con-inner\">\n\t\t\t\t<div class=\"elementor-element elementor-element-1235211 elementor-widget elementor-widget-text-editor\" data-id=\"1235211\" data-element_type=\"widget\" data-e-type=\"widget\" data-widget_type=\"text-editor.default\">\n\t\t\t\t<div class=\"elementor-widget-container\">\n\t\t\t\t\t\t\t\t\t<p>Sist men inte minst, uppmanar vi en \u00e4n g\u00e5ng att inte tveka kring att h\u00f6ra av er till oss direkt.<\/p>\n<p>Telefon: +46(0)30223455<\/p>\n<p>E-post: <a href=\"mailto:info@meraverktyg.se\">info@meraverktyg.se<\/a><\/p>\t\t\t\t\t\t\t\t<\/div>\n\t\t\t\t<\/div>\n\t\t\t\t\t<\/div>\n\t\t\t\t<\/div>\n\t\t\t\t<\/div>\n\t\t\t\t\t<\/details>\n\t\t\t\t\t<\/div>\n\t\t\t\t\t\t<\/div>\n\t\t\t\t<\/div>\n\t\t\t\t<\/div>\n\t\t<div class=\"elementor-element elementor-element-1e96e2a e-con-full e-flex e-con e-child\" data-id=\"1e96e2a\" data-element_type=\"container\" data-e-type=\"container\">\n\t\t\t\t<div class=\"elementor-element elementor-element-ef0533b elementor-widget elementor-widget-video\" data-id=\"ef0533b\" data-element_type=\"widget\" data-e-type=\"widget\" data-settings=\"{&quot;youtube_url&quot;:&quot;https:\\\/\\\/www.youtube.com\\\/watch?v=PkXVADifqNc&amp;t=8s&quot;,&quot;video_type&quot;:&quot;youtube&quot;,&quot;controls&quot;:&quot;yes&quot;}\" data-widget_type=\"video.default\">\n\t\t\t\t<div class=\"elementor-widget-container\">\n\t\t\t\t\t\t\t<div class=\"elementor-wrapper elementor-open-inline\">\n\t\t\t<div class=\"elementor-video\"><\/div>\t\t<\/div>\n\t\t\t\t\t\t<\/div>\n\t\t\t\t<\/div>\n\t\t\t\t<\/div>\n\t\t\t\t\t<\/div>\n\t\t\t\t<\/div>\n\t\t\t\t<\/div>\n\t\t","protected":false},"excerpt":{"rendered":"<p>Den tredje versionen av v\u00e5r popul\u00e4ra ventils\u00e4tesfr\u00e4s WM360, bjuder p\u00e5 \u00e4nnu h\u00f6gre precision och prestanda.<br \/>Detta m\u00f6jligg\u00f6rs delvis av den helt nyutvecklade spindelnosen samt det f\u00f6rb\u00e4ttrade sk\u00e4rhuvudet.<\/p>\n","protected":false},"featured_media":7872,"comment_status":"open","ping_status":"closed","template":"","meta":[],"product_brand":[108],"product_cat":[59],"product_tag":[],"class_list":{"0":"post-7873","1":"product","2":"type-product","3":"status-publish","4":"has-post-thumbnail","6":"product_brand-wmtools","7":"product_cat-ventilsatesfras-wm360","9":"first","10":"outofstock","11":"taxable","12":"shipping-taxable","13":"purchasable","14":"product-type-simple"},"aioseo_notices":[],"_links":{"self":[{"href":"https:\/\/meraverktyg.se\/katalog\/wp-json\/wp\/v2\/product\/7873","targetHints":{"allow":["GET"]}}],"collection":[{"href":"https:\/\/meraverktyg.se\/katalog\/wp-json\/wp\/v2\/product"}],"about":[{"href":"https:\/\/meraverktyg.se\/katalog\/wp-json\/wp\/v2\/types\/product"}],"replies":[{"embeddable":true,"href":"https:\/\/meraverktyg.se\/katalog\/wp-json\/wp\/v2\/comments?post=7873"}],"version-history":[{"count":5,"href":"https:\/\/meraverktyg.se\/katalog\/wp-json\/wp\/v2\/product\/7873\/revisions"}],"predecessor-version":[{"id":7904,"href":"https:\/\/meraverktyg.se\/katalog\/wp-json\/wp\/v2\/product\/7873\/revisions\/7904"}],"wp:featuredmedia":[{"embeddable":true,"href":"https:\/\/meraverktyg.se\/katalog\/wp-json\/wp\/v2\/media\/7872"}],"wp:attachment":[{"href":"https:\/\/meraverktyg.se\/katalog\/wp-json\/wp\/v2\/media?parent=7873"}],"wp:term":[{"taxonomy":"product_brand","embeddable":true,"href":"https:\/\/meraverktyg.se\/katalog\/wp-json\/wp\/v2\/product_brand?post=7873"},{"taxonomy":"product_cat","embeddable":true,"href":"https:\/\/meraverktyg.se\/katalog\/wp-json\/wp\/v2\/product_cat?post=7873"},{"taxonomy":"product_tag","embeddable":true,"href":"https:\/\/meraverktyg.se\/katalog\/wp-json\/wp\/v2\/product_tag?post=7873"}],"curies":[{"name":"wp","href":"https:\/\/api.w.org\/{rel}","templated":true}]}}