{"id":7795,"date":"2025-02-02T17:09:44","date_gmt":"2025-02-02T16:09:44","guid":{"rendered":"https:\/\/meraverktyg.se\/katalog\/?post_type=product&#038;p=7795"},"modified":"2026-04-08T12:14:45","modified_gmt":"2026-04-08T11:14:45","slug":"3-vinkel-ventilsatesskar","status":"publish","type":"product","link":"https:\/\/meraverktyg.se\/katalog\/product\/3-vinkel-ventilsatesskar\/","title":{"rendered":"3-vinkel Ventils\u00e4tessk\u00e4r"},"content":{"rendered":"<p>3-vinkelsk\u00e4r f\u00f6r fr\u00e4sning av ventils\u00e4ten av premiumkvalitet. Passar bl. a v\u00e5r egen WM360 v2 och fram\u00e5t.<\/p>\n","protected":false},"excerpt":{"rendered":"<p>3-vinkelsk\u00e4r f\u00f6r fr\u00e4sning av ventils\u00e4ten av premiumkvalitet. Passar bl. a v\u00e5r egen WM360 v2 och fram\u00e5t.<\/p>\n","protected":false},"featured_media":7916,"comment_status":"open","ping_status":"closed","template":"","meta":[],"product_brand":[],"product_cat":[64],"product_tag":[],"class_list":{"0":"post-7795","1":"product","2":"type-product","3":"status-publish","4":"has-post-thumbnail","6":"product_cat-tillbehor","7":"pa_satesvinkel-s-68","8":"pa_satesvinkel-s-70","9":"pa_satesvinkel-s-66","10":"pa_satesvinkel-s-71","11":"pa_satesvinkel-s-67","12":"pa_satesvinkel-s-72","13":"pa_satesvinkel-s-69","14":"pa_satesvinkel-s-65","16":"first","17":"instock","18":"taxable","19":"shipping-taxable","20":"purchasable","21":"product-type-variable","22":"has-default-attributes"},"aioseo_notices":[],"_links":{"self":[{"href":"https:\/\/meraverktyg.se\/katalog\/wp-json\/wp\/v2\/product\/7795","targetHints":{"allow":["GET"]}}],"collection":[{"href":"https:\/\/meraverktyg.se\/katalog\/wp-json\/wp\/v2\/product"}],"about":[{"href":"https:\/\/meraverktyg.se\/katalog\/wp-json\/wp\/v2\/types\/product"}],"replies":[{"embeddable":true,"href":"https:\/\/meraverktyg.se\/katalog\/wp-json\/wp\/v2\/comments?post=7795"}],"version-history":[{"count":11,"href":"https:\/\/meraverktyg.se\/katalog\/wp-json\/wp\/v2\/product\/7795\/revisions"}],"predecessor-version":[{"id":8008,"href":"https:\/\/meraverktyg.se\/katalog\/wp-json\/wp\/v2\/product\/7795\/revisions\/8008"}],"wp:featuredmedia":[{"embeddable":true,"href":"https:\/\/meraverktyg.se\/katalog\/wp-json\/wp\/v2\/media\/7916"}],"wp:attachment":[{"href":"https:\/\/meraverktyg.se\/katalog\/wp-json\/wp\/v2\/media?parent=7795"}],"wp:term":[{"taxonomy":"product_brand","embeddable":true,"href":"https:\/\/meraverktyg.se\/katalog\/wp-json\/wp\/v2\/product_brand?post=7795"},{"taxonomy":"product_cat","embeddable":true,"href":"https:\/\/meraverktyg.se\/katalog\/wp-json\/wp\/v2\/product_cat?post=7795"},{"taxonomy":"product_tag","embeddable":true,"href":"https:\/\/meraverktyg.se\/katalog\/wp-json\/wp\/v2\/product_tag?post=7795"}],"curies":[{"name":"wp","href":"https:\/\/api.w.org\/{rel}","templated":true}]}}