{"id":7203,"date":"2023-11-02T16:20:05","date_gmt":"2023-11-02T16:20:05","guid":{"rendered":"https:\/\/meraverktyg.se\/katalog\/?post_type=product&#038;p=7203"},"modified":"2025-12-09T15:06:05","modified_gmt":"2025-12-09T14:06:05","slug":"borr-hm-119x55x100","status":"publish","type":"product","link":"https:\/\/meraverktyg.se\/katalog\/product\/borr-hm-119x55x100\/","title":{"rendered":"Borr HM 11,9x55x100"},"content":{"rendered":"\t\t<div data-elementor-type=\"wp-post\" data-elementor-id=\"7203\" class=\"elementor elementor-7203\">\n\t\t\t\t<div class=\"elementor-element elementor-element-2070f390 e-flex e-con-boxed e-con e-parent\" data-id=\"2070f390\" data-element_type=\"container\" data-e-type=\"container\">\n\t\t\t\t\t<div class=\"e-con-inner\">\n\t\t\t\t<div class=\"elementor-element elementor-element-4135e7e7 elementor-widget elementor-widget-text-editor\" data-id=\"4135e7e7\" data-element_type=\"widget\" data-e-type=\"widget\" data-widget_type=\"text-editor.default\">\n\t\t\t\t<div class=\"elementor-widget-container\">\n\t\t\t\t\t\t\t\t\t\n<p>Mycket h\u00f6gkvalitativt h\u00e5rdmetallborr f\u00f6r anv\u00e4ndning i tuffa aluminiumlegeringar s\u00e5 som 7075T6.<\/p>\n\t\t\t\t\t\t\t\t<\/div>\n\t\t\t\t<\/div>\n\t\t\t\t\t<\/div>\n\t\t\t\t<\/div>\n\t\t\t\t<\/div>\n\t\t","protected":false},"excerpt":{"rendered":"[cg_accordion title=\"Specifikationer\"]<\/p>\n<p>Material: H\u00e5rdmetall (Fr\u00e4mst f\u00f6r Aluminium)<br \/>\nDiameter: 11,9 mm<br \/>\nVinkel: 118\u00b0<br \/>\nTotall\u00e4ngd: 100 mm<br \/>\nBorrl\u00e4ngd: 55 mm<\/p>\n<p>[\/cg_accordion]\n[cg_accordion title=\"Leverans &#038; retur\"]<\/p>\n<p>Varor som finns i lager skickas i regel samma dag.<br \/>\n14 dagars \u00f6ppet k\u00f6p g\u00e4ller.<br \/>\n[\/cg_accordion]\n[cg_accordion title=\"Sk\u00e4rdata\"]<\/p>\n<p>Rekommederad sk\u00e4rhastighet angiven i m7min.<\/p>\n<p>Aluminium\/Alu. legeringar: 75-80<br \/>\nM\u00e4ssing: 75<br \/>\nBrons\/Koppar: 45<br \/>\nGjutj\u00e4rn (mjukt): 76-81<br \/>\nGjutj\u00e4rn (h\u00e5rt): 46-51<br \/>\nPlast\/Komposit: 46-51<br \/>\nMjukt st\u00e5l: 30-35<br \/>\nKolst\u00e5l: 69-74<br \/>\nLegeringsst\u00e5l\/H\u00f6gh\u00e5llfast: 26-31<br \/>\nH\u00e4rdat st\u00e5l, verktygsst\u00e5l: 15-20<br \/>\nRostfritt st\u00e5l, automatst\u00e5l: 30-35<br \/>\nRostfritt-, kallh\u00e4rdat st\u00e5l: 23-28<\/p>\n<p>[\/cg_accordion]\n","protected":false},"featured_media":7204,"comment_status":"closed","ping_status":"closed","template":"","meta":[],"product_brand":[],"product_cat":[57],"product_tag":[],"class_list":{"0":"post-7203","1":"product","2":"type-product","3":"status-publish","4":"has-post-thumbnail","6":"product_cat-borr-hardmetall","8":"first","9":"instock","10":"sale","11":"taxable","12":"shipping-taxable","13":"purchasable","14":"product-type-simple"},"aioseo_notices":[],"_links":{"self":[{"href":"https:\/\/meraverktyg.se\/katalog\/wp-json\/wp\/v2\/product\/7203","targetHints":{"allow":["GET"]}}],"collection":[{"href":"https:\/\/meraverktyg.se\/katalog\/wp-json\/wp\/v2\/product"}],"about":[{"href":"https:\/\/meraverktyg.se\/katalog\/wp-json\/wp\/v2\/types\/product"}],"replies":[{"embeddable":true,"href":"https:\/\/meraverktyg.se\/katalog\/wp-json\/wp\/v2\/comments?post=7203"}],"version-history":[{"count":12,"href":"https:\/\/meraverktyg.se\/katalog\/wp-json\/wp\/v2\/product\/7203\/revisions"}],"predecessor-version":[{"id":7218,"href":"https:\/\/meraverktyg.se\/katalog\/wp-json\/wp\/v2\/product\/7203\/revisions\/7218"}],"wp:featuredmedia":[{"embeddable":true,"href":"https:\/\/meraverktyg.se\/katalog\/wp-json\/wp\/v2\/media\/7204"}],"wp:attachment":[{"href":"https:\/\/meraverktyg.se\/katalog\/wp-json\/wp\/v2\/media?parent=7203"}],"wp:term":[{"taxonomy":"product_brand","embeddable":true,"href":"https:\/\/meraverktyg.se\/katalog\/wp-json\/wp\/v2\/product_brand?post=7203"},{"taxonomy":"product_cat","embeddable":true,"href":"https:\/\/meraverktyg.se\/katalog\/wp-json\/wp\/v2\/product_cat?post=7203"},{"taxonomy":"product_tag","embeddable":true,"href":"https:\/\/meraverktyg.se\/katalog\/wp-json\/wp\/v2\/product_tag?post=7203"}],"curies":[{"name":"wp","href":"https:\/\/api.w.org\/{rel}","templated":true}]}}