{"id":7773,"date":"2025-02-01T22:06:15","date_gmt":"2025-02-01T21:06:15","guid":{"rendered":"https:\/\/meraverktyg.se\/katalog\/?page_id=7773"},"modified":"2025-02-01T22:18:17","modified_gmt":"2025-02-01T21:18:17","slug":"frakt-och-leverans","status":"publish","type":"page","link":"https:\/\/meraverktyg.se\/katalog\/frakt-och-leverans\/","title":{"rendered":"Frakt och Leverans"},"content":{"rendered":"\n<p>Alla best\u00e4llningar gjorda innan 14.30 (vardagar) behandlas samma dag.<br>Frakt tar normalt 1-2 arbetsdagar.<\/p>\n\n\n\n<h3 class=\"wp-block-heading\">Fraktkostnad<\/h3>\n\n\n\n<p>Vi till\u00e4mpar i de flesta fall en fast fraktkostnad om 100 SEK inkl. moms. <\/p>\n\n\n\n<p>Undantag kan f\u00f6rekomma i fall d\u00e4r best\u00e4llningen inneh\u00e5ller skrymmande produkter. Detta meddelas i s\u00e5dana fall i samband med utcheckning innan best\u00e4llningen godk\u00e4nts.<\/p>\n\n\n\n<p>Vi bjuder \u00e4ven alla kunder som handlar f\u00f6r minst 2.000 SEK exkl. moms vid ett och samma tillf\u00e4lle.<\/p>\n\n\n\n<p><\/p>\n\n\n\n<h3 class=\"wp-block-heading\">Spedit\u00f6r<\/h3>\n\n\n\n<p><strong>Inom Sverige<\/strong> skickas din best\u00e4llning med n\u00e5got av f\u00f6ljande:<\/p>\n\n\n\n<div class=\"wp-block-group is-vertical is-layout-flex wp-container-core-group-is-layout-fe9cc265 wp-block-group-is-layout-flex\">\n<figure class=\"wp-block-gallery has-nested-images columns-default is-cropped wp-block-gallery-1 is-layout-flex wp-block-gallery-is-layout-flex\">\n<figure class=\"wp-block-image size-large\"><img fetchpriority=\"high\" decoding=\"async\" width=\"250\" height=\"250\" data-id=\"7774\" src=\"https:\/\/meraverktyg.se\/katalog\/wp-content\/uploads\/2025\/02\/1.png\" alt=\"\" class=\"wp-image-7774\" srcset=\"https:\/\/meraverktyg.se\/katalog\/wp-content\/uploads\/2025\/02\/1.png 250w, https:\/\/meraverktyg.se\/katalog\/wp-content\/uploads\/2025\/02\/1-150x150.png 150w, https:\/\/meraverktyg.se\/katalog\/wp-content\/uploads\/2025\/02\/1-100x100.png 100w\" sizes=\"(max-width: 250px) 100vw, 250px\" \/><\/figure>\n\n\n\n<figure class=\"wp-block-image size-large\"><img decoding=\"async\" width=\"250\" height=\"250\" data-id=\"7775\" src=\"https:\/\/meraverktyg.se\/katalog\/wp-content\/uploads\/2025\/02\/5.png\" alt=\"\" class=\"wp-image-7775\" srcset=\"https:\/\/meraverktyg.se\/katalog\/wp-content\/uploads\/2025\/02\/5.png 250w, https:\/\/meraverktyg.se\/katalog\/wp-content\/uploads\/2025\/02\/5-150x150.png 150w, https:\/\/meraverktyg.se\/katalog\/wp-content\/uploads\/2025\/02\/5-100x100.png 100w\" sizes=\"(max-width: 250px) 100vw, 250px\" \/><\/figure>\n<\/figure>\n\n\n\n<hr class=\"wp-block-separator has-alpha-channel-opacity\"\/>\n<\/div>\n\n\n\n<p><strong>Utanf\u00f6r Sverige <\/strong>skickas din best\u00e4llning med n\u00e5got av f\u00f6ljande:<\/p>\n\n\n\n<div class=\"wp-block-group is-vertical is-layout-flex wp-container-core-group-is-layout-fe9cc265 wp-block-group-is-layout-flex\">\n<figure class=\"wp-block-gallery has-nested-images columns-default is-cropped wp-block-gallery-2 is-layout-flex wp-block-gallery-is-layout-flex\">\n<figure class=\"wp-block-image size-large\"><img fetchpriority=\"high\" decoding=\"async\" width=\"250\" height=\"250\" data-id=\"7774\" src=\"https:\/\/meraverktyg.se\/katalog\/wp-content\/uploads\/2025\/02\/1.png\" alt=\"\" class=\"wp-image-7774\" srcset=\"https:\/\/meraverktyg.se\/katalog\/wp-content\/uploads\/2025\/02\/1.png 250w, https:\/\/meraverktyg.se\/katalog\/wp-content\/uploads\/2025\/02\/1-150x150.png 150w, https:\/\/meraverktyg.se\/katalog\/wp-content\/uploads\/2025\/02\/1-100x100.png 100w\" sizes=\"(max-width: 250px) 100vw, 250px\" \/><\/figure>\n\n\n\n<figure class=\"wp-block-image size-large\"><img decoding=\"async\" width=\"250\" height=\"250\" data-id=\"7775\" src=\"https:\/\/meraverktyg.se\/katalog\/wp-content\/uploads\/2025\/02\/5.png\" alt=\"\" class=\"wp-image-7775\" srcset=\"https:\/\/meraverktyg.se\/katalog\/wp-content\/uploads\/2025\/02\/5.png 250w, https:\/\/meraverktyg.se\/katalog\/wp-content\/uploads\/2025\/02\/5-150x150.png 150w, https:\/\/meraverktyg.se\/katalog\/wp-content\/uploads\/2025\/02\/5-100x100.png 100w\" sizes=\"(max-width: 250px) 100vw, 250px\" \/><\/figure>\n\n\n\n<figure class=\"wp-block-image size-large\"><img decoding=\"async\" width=\"225\" height=\"225\" data-id=\"7776\" src=\"https:\/\/meraverktyg.se\/katalog\/wp-content\/uploads\/2025\/02\/1015.png\" alt=\"\" class=\"wp-image-7776\" srcset=\"https:\/\/meraverktyg.se\/katalog\/wp-content\/uploads\/2025\/02\/1015.png 225w, https:\/\/meraverktyg.se\/katalog\/wp-content\/uploads\/2025\/02\/1015-150x150.png 150w, https:\/\/meraverktyg.se\/katalog\/wp-content\/uploads\/2025\/02\/1015-100x100.png 100w\" sizes=\"(max-width: 225px) 100vw, 225px\" \/><\/figure>\n<\/figure>\n<\/div>\n\n\n\n<div class=\"wp-block-group is-vertical is-layout-flex wp-container-core-group-is-layout-fe9cc265 wp-block-group-is-layout-flex\"><\/div>\n","protected":false},"excerpt":{"rendered":"<p>Alla best\u00e4llningar gjorda innan 14.30 (vardagar) behandlas samma dag.Frakt tar normalt 1-2 arbetsdagar. Fraktkostnad Vi till\u00e4mpar i de flesta fall en fast fraktkostnad om 100 SEK inkl. moms. Undantag kan f\u00f6rekomma i fall d\u00e4r best\u00e4llningen inneh\u00e5ller skrymmande produkter. Detta meddelas i s\u00e5dana fall i samband med utcheckning innan best\u00e4llningen godk\u00e4nts. Vi bjuder \u00e4ven alla kunder [&hellip;]<\/p>\n","protected":false},"author":1,"featured_media":0,"parent":0,"menu_order":0,"comment_status":"closed","ping_status":"closed","template":"elementor_header_footer","meta":{"footnotes":""},"class_list":["post-7773","page","type-page","status-publish","hentry"],"aioseo_notices":[],"_links":{"self":[{"href":"https:\/\/meraverktyg.se\/katalog\/wp-json\/wp\/v2\/pages\/7773","targetHints":{"allow":["GET"]}}],"collection":[{"href":"https:\/\/meraverktyg.se\/katalog\/wp-json\/wp\/v2\/pages"}],"about":[{"href":"https:\/\/meraverktyg.se\/katalog\/wp-json\/wp\/v2\/types\/page"}],"author":[{"embeddable":true,"href":"https:\/\/meraverktyg.se\/katalog\/wp-json\/wp\/v2\/users\/1"}],"replies":[{"embeddable":true,"href":"https:\/\/meraverktyg.se\/katalog\/wp-json\/wp\/v2\/comments?post=7773"}],"version-history":[{"count":6,"href":"https:\/\/meraverktyg.se\/katalog\/wp-json\/wp\/v2\/pages\/7773\/revisions"}],"predecessor-version":[{"id":7785,"href":"https:\/\/meraverktyg.se\/katalog\/wp-json\/wp\/v2\/pages\/7773\/revisions\/7785"}],"wp:attachment":[{"href":"https:\/\/meraverktyg.se\/katalog\/wp-json\/wp\/v2\/media?parent=7773"}],"curies":[{"name":"wp","href":"https:\/\/api.w.org\/{rel}","templated":true}]}}