{"id":13,"date":"2025-01-31T21:31:32","date_gmt":"2025-01-31T20:31:32","guid":{"rendered":"https:\/\/meraverktyg.se\/katalog\/?page_id=13"},"modified":"2025-01-31T21:37:38","modified_gmt":"2025-01-31T20:37:38","slug":"refund_returns","status":"publish","type":"page","link":"https:\/\/meraverktyg.se\/katalog\/refund_returns\/","title":{"rendered":"\u00c5terbetalnings- och returpolicy"},"content":{"rendered":"\n<h3 class=\"wp-block-heading\"><strong>\u00d6versikt<\/strong><\/h3>\n\n\n\n<p>\u00d6ppet k\u00f6p g\u00e4ller i 14 dagar. Om 14 dagar har passerat sedan ditt k\u00f6p kan vi tyv\u00e4rr inte erbjuda dig en full \u00e5terbetalning eller ett byte.<\/p>\n\n\n\n<p>F\u00f6r att vara ber\u00e4ttigad till en retur m\u00e5ste varan vara oanv\u00e4nd och i samma skick som du mottog den. Den m\u00e5ste ocks\u00e5 vara i sin originalf\u00f6rpackning.<\/p>\n\n\n\n<p>Flera typer av varor kan inte returneras. Detta g\u00e4ller alla typer av special- eller m\u00e5ttbest\u00e4llda varor som tillverkas p\u00e5 best\u00e4llning eller ej ing\u00e5r i v\u00e5rt ordinarie sortiment. Vi accepterar heller inte produkter som farliga material eller brandfarliga v\u00e4tskor eller gaser.<\/p>\n\n\n\n<p><strong>Ytterligare varor som inte kan returneras:<\/strong><\/p>\n\n\n\n<ul class=\"wp-block-list\">\n<li>Presentkort<\/li>\n\n\n\n<li>Nedladdningsbara mjukvaruprodukter<\/li>\n<\/ul>\n\n\n\n<p>F\u00f6r att slutf\u00f6ra din retur kr\u00e4ver vi ett kvitto eller bevis p\u00e5 k\u00f6p.<\/p>\n\n\n\n<p><strong>Det finns vissa situationer d\u00e4r endast del\u00e5terbetalningar beviljas:<\/strong><\/p>\n\n\n\n<ul class=\"wp-block-list\">\n<li>B\u00f6cker med tydliga tecken p\u00e5 anv\u00e4ndning<\/li>\n\n\n\n<li>Varor som inte \u00e4r i originalskick, \u00e4r skadade eller saknar delar av orsaker som inte beror p\u00e5 v\u00e5rt fel<\/li>\n<\/ul>\n\n\n\n<h3 class=\"wp-block-heading\"><strong>\u00c5terbetalningar<\/strong><\/h3>\n\n\n\n<p>N\u00e4r din retur har mottagits och inspekterats skickar vi ett e-postmeddelande f\u00f6r att informera dig om att vi har mottagit din returnerade vara. Vi meddelar dig ocks\u00e5 om godk\u00e4nnande eller avslag p\u00e5 din \u00e5terbetalning.<\/p>\n\n\n\n<p>Om din \u00e5terbetalning godk\u00e4nns kommer den att behandlas och en kredit till\u00e4mpas automatiskt p\u00e5 ditt kreditkort eller ursprungliga betalningsmetod inom ett visst antal dagar.<\/p>\n\n\n\n<h3 class=\"wp-block-heading\"><strong>F\u00f6rsenade eller uteblivna \u00e5terbetalningar<\/strong><\/h3>\n\n\n\n<p>Om du inte har f\u00e5tt din \u00e5terbetalning \u00e4nnu, kontrollera f\u00f6rst ditt bankkonto igen.<\/p>\n\n\n\n<p>Kontakta d\u00e4refter ditt kreditkortsf\u00f6retag, det kan ta en viss tid innan \u00e5terbetalningen registreras officiellt.<\/p>\n\n\n\n<p>Kontakta sedan din bank. Det kan ofta ta lite tid innan en \u00e5terbetalning behandlas.<\/p>\n\n\n\n<p>Om du har gjort allt detta och fortfarande inte har f\u00e5tt din \u00e5terbetalning, v\u00e4nligen kontakta oss p\u00e5 <a href=\"mailto:info@meraverktyg.se\" title=\"\">info@meraverktyg.se<\/a>.<\/p>\n\n\n\n<h3 class=\"wp-block-heading\"><strong>Reavaror<\/strong><\/h3>\n\n\n\n<p>Endast varor till ordinarie pris kan \u00e5terbetalas. Reavaror kan tyv\u00e4rr inte \u00e5terbetalas.<\/p>\n\n\n\n<h3 class=\"wp-block-heading\"><strong>Byten<\/strong><\/h3>\n\n\n\n<p>Vi byter endast ut varor om de \u00e4r defekta eller skadade. Om du beh\u00f6ver byta ut en vara mot samma vara, skicka ett e-postmeddelande till <a href=\"mailto:info@meraverktyg.se\" title=\"\">info@meraverktyg.se<\/a>.<\/p>\n\n\n\n<h3 class=\"wp-block-heading\"><strong>G\u00e5vor<\/strong><\/h3>\n\n\n\n<p>Om varan var markerad som en g\u00e5va vid k\u00f6ptillf\u00e4llet och skickades direkt till dig, kommer du att f\u00e5 ett presentkort motsvarande v\u00e4rdet av din retur. N\u00e4r den returnerade varan har mottagits skickas ett presentkort till dig.<\/p>\n\n\n\n<p>Om varan inte var markerad som en g\u00e5va vid k\u00f6pet, eller om presentgivaren fick varan skickad till sig sj\u00e4lv f\u00f6r att ge till dig senare, skickar vi en \u00e5terbetalning till presentgivaren och de f\u00e5r information om din retur.<\/p>\n\n\n\n<h3 class=\"wp-block-heading\"><strong>Retur av varor<\/strong><\/h3>\n\n\n\n<p>F\u00f6r att returnera din produkt ska du f\u00f6lja nedanst\u00e5ende steg:<\/p>\n\n\n\n<ol class=\"wp-block-list\">\n<li>Kontakta oss via e-post till <a href=\"mailto:info@meraverktyg.se\" title=\"\">info@meraverktyg.se<\/a>.<\/li>\n\n\n\n<li>F\u00f6rpacka varan v\u00e4l f\u00f6r att undvika transportskador *. Bifoga i paketet eller m\u00e4rk detsamma med det av oss erh\u00e5llna returnumret.<\/li>\n\n\n\n<li>skicka paketet till: Wasa Motor HB, Tollestorpsv\u00e4gen 4, 44361 STENKULLEN, SWEDEN. **<\/li>\n<\/ol>\n\n\n\n<p>*Vi ansvarar ej f\u00f6r transportskador uppkomna under returfrakt till oss.<br>**Alla returer m\u00e5ste skickas direkt till angiven adress med f\u00f6retagspaket eller liknande, dvs ej till ombud.<\/p>\n\n\n\n<p>Du \u00e4r sj\u00e4lv ansvarig f\u00f6r att betala fraktkostnaderna f\u00f6r att returnera din vara. Fraktkostnader \u00e4r ej \u00e5terbetalningsbara.<\/p>\n\n\n\n<p>Beroende p\u00e5 var du bor kan det variera hur l\u00e5ng tid det tar f\u00f6r din utbytta produkt att n\u00e5 dig.<\/p>\n\n\n\n<p>Om du returnerar dyrare varor kan du \u00f6verv\u00e4ga att anv\u00e4nda en sp\u00e5rbar frakttj\u00e4nst eller k\u00f6pa fraktf\u00f6rs\u00e4kring. Vi kan inte garantera att vi kommer att ta emot din returnerade vara.<\/p>\n\n\n\n<h3 class=\"wp-block-heading\"><strong>Beh\u00f6ver du hj\u00e4lp?<\/strong><\/h3>\n\n\n\n<p>Kontakta oss p\u00e5 <a href=\"mailto:info@meraverktyg.se\" title=\"\">info@meraverktyg.se<\/a> f\u00f6r fr\u00e5gor relaterade till \u00e5terbetalningar och returer.<\/p>\n\n\n\n<p><\/p>\n","protected":false},"excerpt":{"rendered":"<p>\u00d6versikt \u00d6ppet k\u00f6p g\u00e4ller i 14 dagar. Om 14 dagar har passerat sedan ditt k\u00f6p kan vi tyv\u00e4rr inte erbjuda dig en full \u00e5terbetalning eller ett byte. F\u00f6r att vara ber\u00e4ttigad till en retur m\u00e5ste varan vara oanv\u00e4nd och i samma skick som du mottog den. Den m\u00e5ste ocks\u00e5 vara i sin originalf\u00f6rpackning. Flera typer [&hellip;]<\/p>\n","protected":false},"author":1,"featured_media":0,"parent":0,"menu_order":0,"comment_status":"closed","ping_status":"closed","template":"elementor_header_footer","meta":{"footnotes":""},"class_list":["post-13","page","type-page","status-publish","hentry"],"aioseo_notices":[],"_links":{"self":[{"href":"https:\/\/meraverktyg.se\/katalog\/wp-json\/wp\/v2\/pages\/13","targetHints":{"allow":["GET"]}}],"collection":[{"href":"https:\/\/meraverktyg.se\/katalog\/wp-json\/wp\/v2\/pages"}],"about":[{"href":"https:\/\/meraverktyg.se\/katalog\/wp-json\/wp\/v2\/types\/page"}],"author":[{"embeddable":true,"href":"https:\/\/meraverktyg.se\/katalog\/wp-json\/wp\/v2\/users\/1"}],"replies":[{"embeddable":true,"href":"https:\/\/meraverktyg.se\/katalog\/wp-json\/wp\/v2\/comments?post=13"}],"version-history":[{"count":2,"href":"https:\/\/meraverktyg.se\/katalog\/wp-json\/wp\/v2\/pages\/13\/revisions"}],"predecessor-version":[{"id":7704,"href":"https:\/\/meraverktyg.se\/katalog\/wp-json\/wp\/v2\/pages\/13\/revisions\/7704"}],"wp:attachment":[{"href":"https:\/\/meraverktyg.se\/katalog\/wp-json\/wp\/v2\/media?parent=13"}],"curies":[{"name":"wp","href":"https:\/\/api.w.org\/{rel}","templated":true}]}}